{"id":255,"date":"2022-09-08T18:20:08","date_gmt":"2022-09-08T18:20:08","guid":{"rendered":"https:\/\/idmedia.ro\/about\/"},"modified":"2023-10-06T09:42:48","modified_gmt":"2023-10-06T09:42:48","slug":"partener-strategic","status":"publish","type":"page","link":"https:\/\/idmedia.ro\/en\/partener-strategic\/","title":{"rendered":"Why Us"},"content":{"rendered":"<h2>Partener Strategic <\/h2>\n\n\n\n\n\n\n\n\n<h2>THE STRATEGIC PARTNER OF COMPANIES<\/h2>\n\n<p style=\"text-align: center; color: rgb(93, 93, 93); font-size: x-large;\">MARKETING AND COMMUNICATION ACTIVITIES<\/p>\n\n\n<p style=\"text-align: left;line-height: 2\"><span style=\"color: rgb(93, 93, 93); \" font-size:medium;\"=\"\"><span style=\"font-size:medium;\">The marketing strategy generates results if it is built professionally. You can get results if you know what you want to do, if you know your customers and the industry you operate in, and if you work with marketing and communication professionals.\n<br>We are here to understand your business, your communication needs and your future plans.<br>And especially to ask you Why.<br>Because, together with you, we want to develop the marketing and communication strategy that best suits your business, so that we can support the achievement of your business objectives. At the same time, we constantly monitor the impact of marketing activities in your business.<br>Whether you want to build a brand, increase its reputation or position your business on the market, we propose the most suitable approach in relation to your customers, suppliers, institutional partners, mass media and your own employees. We recommend you how to communicate about yourself and your business creatively and effectively. But most of all correctly.<\/span><\/span><\/p>\n<p style=\"text-align: left;line-height: 2\">\n<\/p>\n\n\n\n<p style=\"text-align: left;line-height: 2\">\n<\/p>\n<p style=\"text-align: left;line-height: 2\"><br><strong style=\"font-size: medium; color: rgb(93, 93, 93);\">We are the strategic partner of agribusiness companies and farmers in Romania in the development of the marketing and communication strategy.<\/strong><\/p>\n\n\n<p style=\"text-align: left;line-height: 2\"><br><span style=\"color: rgb(93, 93, 93); <span style=\" font-size:medium;\"=\"\"><strong style=\"font-size: medium;\"><span style=\"\">Our team has marketing and communication skills in the following areas: agribusiness, health and wellbeing, pharma, education, and legal.<\/span><br style=\"\"><span style=\"\">And we can't wait to meet you!<\/span><\/strong><\/span><span style=\"font-size: medium;\"><\/span><br><\/p>\n\n\n\n\n<h2 style=\"color: rgb(93, 93, 93);\">OUR CLIENTS TRUST US<\/h2>\n\n\n<p style=\"text-align: center; color: rgb(93, 93, 93); font-size: large;\">Jurnalist. Comunicator. Creator de pove\u0219ti<br><\/p>\n\n\n\n<p style=\"text-align: left;line-height: 2\"><strong><span style=\"font-size:large;\">1. We know marketing.<\/span> <\/strong><span style=\"font-size:medium;\"><br>We have demonstrated marketing and communications experience in agribusiness and other industries.<\/span><br><\/p>\n\n\n<p style=\"text-align: left;line-height: 2\"><span style=\"font-size:medium;\"><strong style=\"font-size: large;\">2. We think strategically.<\/strong><br>We analyze and communicate reasonably, so that your business grows in efficiency, reputation and profitability.<\/span><br><\/p>\n\n\n<p style=\"text-align: left;line-height: 2\"><span style=\"font-size:medium;\"><strong style=\"font-size: large;\">3. We love details.<\/strong><br>We know they make the difference and define professionalism.<br><\/span><\/p>\n\n\n<p style=\"text-align: left;line-height: 2\"><span style=\"font-size:medium;\"><strong style=\"font-size: large;\">4. We are passionate.<\/strong><br>We love discovering new industries, valuable people, creative solutions.<\/span>\n<\/p>\n\n\n\n\n\n\n\n\n\n\n\n<p style=\"text-align: left;line-height: 2\"><strong>1. We know marketing. <\/strong>We have demonstrated marketing and communications experience in agribusiness and other industries.\n<br><b>2. Suntem strategic business thinkers. <\/b>G\u00e2ndim, analiz\u0103m, comunic\u0103m argumentat, pentru ca afacerea ta s\u0103 creasc\u0103 \u00een eficien\u021b\u0103, reputa\u021bie \u0219i profitabilitate.\n<br><b>3. We love details. <\/b>We know they make the difference and define professionalism.\n<br><b>4. We are passionate. <\/b>We love discovering new industries, valuable people, creative solutions.\n<\/p>","protected":false},"excerpt":{"rendered":"","protected":false},"author":1,"featured_media":0,"parent":0,"menu_order":0,"comment_status":"closed","ping_status":"closed","template":"","meta":{"pagelayer_contact_templates":[],"_pagelayer_content":"","footnotes":""},"class_list":["post-255","page","type-page","status-publish","hentry"],"_links":{"self":[{"href":"https:\/\/idmedia.ro\/en\/wp-json\/wp\/v2\/pages\/255","targetHints":{"allow":["GET"]}}],"collection":[{"href":"https:\/\/idmedia.ro\/en\/wp-json\/wp\/v2\/pages"}],"about":[{"href":"https:\/\/idmedia.ro\/en\/wp-json\/wp\/v2\/types\/page"}],"author":[{"embeddable":true,"href":"https:\/\/idmedia.ro\/en\/wp-json\/wp\/v2\/users\/1"}],"replies":[{"embeddable":true,"href":"https:\/\/idmedia.ro\/en\/wp-json\/wp\/v2\/comments?post=255"}],"version-history":[{"count":47,"href":"https:\/\/idmedia.ro\/en\/wp-json\/wp\/v2\/pages\/255\/revisions"}],"predecessor-version":[{"id":512,"href":"https:\/\/idmedia.ro\/en\/wp-json\/wp\/v2\/pages\/255\/revisions\/512"}],"wp:attachment":[{"href":"https:\/\/idmedia.ro\/en\/wp-json\/wp\/v2\/media?parent=255"}],"curies":[{"name":"wp","href":"https:\/\/api.w.org\/{rel}","templated":true}]}}